{"id":401,"date":"2025-10-15T02:23:18","date_gmt":"2025-10-15T02:23:18","guid":{"rendered":"https:\/\/sz-xtt.com\/product\/156pla-iii-rugged-computer\/"},"modified":"2025-10-16T03:53:12","modified_gmt":"2025-10-16T03:53:12","slug":"156pla-iii-dayanikli-bilgisayar","status":"publish","type":"product","link":"https:\/\/sz-xtt.com\/tr\/product\/156pla-iii-dayanikli-bilgisayar\/","title":{"rendered":"156PLA-III Dayan\u0131kl\u0131 Bilgisayar"},"content":{"rendered":"<h3>\u00dcr\u00fcn \u00d6zellikleri<\/h3>\n<p>Y\u00fcksek \u00c7\u00f6z\u00fcn\u00fcrl\u00fckl\u00fc Ekran<br \/>\n1920*1080 \u00e7\u00f6z\u00fcn\u00fcrl\u00fc\u011fe ve 300cd\/m2 parlakl\u0131\u011fa sahip 15,6 in\u00e7 IPS LED ekran, canl\u0131 renkler ve geni\u015f g\u00f6r\u00fcnt\u00fcleme a\u00e7\u0131lar\u0131 sa\u011flar.<br \/>\nG\u00fc\u00e7l\u00fc \u0130\u015fleme Yetene\u011fi<br \/>\nIntel Core 8-12 i3\/i5\/i7 i\u015flemcilerle donat\u0131lm\u0131\u015ft\u0131r ve 64 GB'a kadar DDR4 belle\u011fi destekleyerek y\u00fcksek performansl\u0131 bilgi i\u015flem taleplerini kar\u015f\u0131lar.<br \/>\n\u00c7e\u015fitli Geni\u015fletilebilirlik<br \/>\n\u00c7e\u015fitli uygulama senaryolar\u0131n\u0131 destekleyen USB, RS232, GPS ve daha fazlas\u0131 dahil olmak \u00fczere zengin bir aray\u00fcz ve geni\u015fletme se\u00e7enekleri seti sunar.<\/p>\n<h3>\u00dcr\u00fcn \u00d6zellikleri<\/h3>\n<p>\u0130\u015flemci: Intel Core 8-12 i3\/i5\/i7<\/p>\n<p>Bellek: 2 x SO-DIMM DDR4, maksimum 64GB destek<\/p>\n<p>Depolama: 1 x M.2 2280 SSD (kapasite iste\u011fe ba\u011fl\u0131), 1 x SATA3.0 2.5 in\u00e7 sabit s\u00fcr\u00fcc\u00fc yuvas\u0131 (kapasite iste\u011fe ba\u011fl\u0131)<\/p>\n<p>Ekran: NVIDIA Quadro grafik kart\u0131, GDDR6 4GB\/8GB bellek<\/p>\n<p>G\u00fc\u00e7 Kayna\u011f\u0131: 19V\/7.9A, 150W end\u00fcstriyel g\u00fc\u00e7 adapt\u00f6r\u00fc<\/p>\n<p>A\u011f: Realtek 8111E 10\/100\/1000M a\u011f kart\u0131, WIFI 802.11a\/b\/g\/n destekler<\/p>\n<p>Pil: EC g\u00fc\u00e7 y\u00f6netimine sahip 12000mAh ak\u0131ll\u0131 lityum pil, 120 saatlik teorik dayan\u0131kl\u0131l\u0131k<\/p>\n<p>\u015easi Boyutu: 420mm x 306mm x 135.4mm (ambalaj dahil), a\u011f\u0131rl\u0131k 15.3 KG<\/p>\n<p>Su ve Toz Korumas\u0131: IP54 (iste\u011fe ba\u011fl\u0131 IP65)<\/p>\n<h3>Neden Bizi Se\u00e7melisiniz<\/h3>\n<p>\u015eirket Ge\u00e7mi\u015fi<br \/>\nXintongtai Technology Co, Ltd 2007 y\u0131l\u0131nda, kapsaml\u0131 end\u00fcstri deneyimi ile end\u00fcstriyel bilgisayar ve aksesuarlar\u0131n ara\u015ft\u0131rma, geli\u015ftirme ve \u00fcretimine odaklanarak kurulmu\u015ftur.<br \/>\nProfesyonel \u00dcr\u00fcn Bilgileri<br \/>\nM\u00fc\u015fterilerin bilin\u00e7li karar vermeleri i\u00e7in eksiksiz verilere eri\u015febilmelerini sa\u011flamak amac\u0131yla ayr\u0131nt\u0131l\u0131 \u00fcr\u00fcn bilgileri sa\u011fl\u0131yoruz.<br \/>\nM\u00fckemmel M\u00fc\u015fteri Hizmetleri<br \/>\nY\u00fcksek kaliteli m\u00fc\u015fteri hizmetlerine olan ba\u011fl\u0131l\u0131\u011f\u0131m\u0131z, her m\u00fc\u015fterinin sat\u0131n alma ve kullan\u0131m deneyimi boyunca zaman\u0131nda destek almas\u0131n\u0131 sa\u011flar.<br \/>\nStok \u0130\u00e7i Tedarik<br \/>\n\u00dcr\u00fcnlerimiz genellikle stoklar\u0131m\u0131zda mevcuttur, bu da m\u00fc\u015fteri ihtiya\u00e7lar\u0131n\u0131 h\u0131zl\u0131 bir \u015fekilde kar\u015f\u0131lamam\u0131za ve teslimat s\u00fcrelerini k\u0131saltmam\u0131za olanak tan\u0131r.<\/p>","protected":false},"excerpt":{"rendered":"<p><strong>Marka XTT<\/strong><\/p>\n<p><strong>\u00dcr\u00fcn men\u015fei \u00c7\u0130N<\/strong><\/p>\n<p><strong>Teslimat s\u00fcresi15 g\u00fcn i\u00e7inde<\/strong><\/p>\n<p><strong>Tedarik kapasitesi9999<\/strong><\/p>\n<p>Bu \u00fcr\u00fcn, Intel Core 8-12 serisi i\u015flemciler ve NVIDIA Quadro grafikler i\u00e7eren y\u00fcksek performansl\u0131 bir end\u00fcstriyel ta\u015f\u0131nabilir bilgisayard\u0131r. Sa\u011flam bir kasa ve \u00e7e\u015fitli geni\u015fletme se\u00e7enekleri ile g\u00fc\u00e7l\u00fc grafik i\u015fleme kapasitesine ihtiya\u00e7 duyan kullan\u0131c\u0131lar i\u00e7in tasarlanm\u0131\u015ft\u0131r ve \u00e7e\u015fitli end\u00fcstriyel ve m\u00fchendislik uygulamalar\u0131 i\u00e7in idealdir.<\/p>","protected":false},"featured_media":661,"template":"","meta":[],"product_brand":[],"product_cat":[183],"product_tag":[185,190,186,184],"class_list":{"0":"post-401","1":"product","2":"type-product","3":"status-publish","4":"has-post-thumbnail","6":"product_cat-rugged-computer","7":"product_tag-best-rugged-computer","8":"product_tag-industrial-rugged-computer","9":"product_tag-rugged-computer-case","10":"product_tag-rugged-laptop-computers","12":"first","13":"instock","14":"shipping-taxable","15":"product-type-simple"},"_links":{"self":[{"href":"https:\/\/sz-xtt.com\/tr\/wp-json\/wp\/v2\/product\/401","targetHints":{"allow":["GET"]}}],"collection":[{"href":"https:\/\/sz-xtt.com\/tr\/wp-json\/wp\/v2\/product"}],"about":[{"href":"https:\/\/sz-xtt.com\/tr\/wp-json\/wp\/v2\/types\/product"}],"wp:featuredmedia":[{"embeddable":true,"href":"https:\/\/sz-xtt.com\/tr\/wp-json\/wp\/v2\/media\/661"}],"wp:attachment":[{"href":"https:\/\/sz-xtt.com\/tr\/wp-json\/wp\/v2\/media?parent=401"}],"wp:term":[{"taxonomy":"product_brand","embeddable":true,"href":"https:\/\/sz-xtt.com\/tr\/wp-json\/wp\/v2\/product_brand?post=401"},{"taxonomy":"product_cat","embeddable":true,"href":"https:\/\/sz-xtt.com\/tr\/wp-json\/wp\/v2\/product_cat?post=401"},{"taxonomy":"product_tag","embeddable":true,"href":"https:\/\/sz-xtt.com\/tr\/wp-json\/wp\/v2\/product_tag?post=401"}],"curies":[{"name":"wp","href":"https:\/\/api.w.org\/{rel}","templated":true}]}}