{"id":403,"date":"2025-10-15T02:23:18","date_gmt":"2025-10-15T02:23:18","guid":{"rendered":"https:\/\/sz-xtt.com\/product\/box6800pe-rugged-computer\/"},"modified":"2025-10-16T03:57:58","modified_gmt":"2025-10-16T03:57:58","slug":"box6800pe-rugged-computer","status":"publish","type":"product","link":"https:\/\/sz-xtt.com\/tr\/product\/box6800pe-rugged-computer\/","title":{"rendered":"BOX6800PE Dayan\u0131kl\u0131 Bilgisayar"},"content":{"rendered":"<h3>\u00dcr\u00fcn \u00d6zellikleri<\/h3>\n<p>G\u00fc\u00e7l\u00fc \u0130\u015fleme Yetene\u011fi<br \/>\n\u00c7e\u015fitli end\u00fcstriyel bilgi i\u015flem ihtiya\u00e7lar\u0131n\u0131 kar\u015f\u0131lamak i\u00e7in Intel i3, i5 ve i7 i\u015flemcileri destekler.<br \/>\nEsnek Depolama ve Bellek Se\u00e7enekleri<br \/>\nFarkl\u0131 uygulama gereksinimlerini kar\u015f\u0131lamak i\u00e7in 32 GB'a kadar geni\u015fletilebilir bellek ile SATA ve mSATA dahil olmak \u00fczere birden fazla depolama se\u00e7ene\u011fi sunar.<br \/>\n\u00c7e\u015fitli Aray\u00fczler<br \/>\n\u00c7e\u015fitli \u00e7evre birimleri ve geni\u015fletme ihtiya\u00e7lar\u0131 i\u00e7in uygun USB, HDMI ve seri ba\u011flant\u0131 noktalar\u0131 dahil olmak \u00fczere zengin bir I \/ O arabirimi seti ile donat\u0131lm\u0131\u015ft\u0131r.<\/p>\n<h3>\u00dcr\u00fcn \u00d6zellikleri<\/h3>\n<p>\u0130\u015flemci: Intel 6-9. Nesil Core i3, i5, i7<\/p>\n<p>Bellek: 2 x DDR4L SO-DIMM, maksimum destek 32GB<\/p>\n<p>Grafik Denetleyici: Intel HD Graphics, 1 x DVI-I, 1 x HDMI, 1 x VGA destekler<\/p>\n<p>Ses: Realtek ALC662 \u00e7ip, Min-in\/Line-out destekler<\/p>\n<p>A\u011f: Intel I211 10\/100\/1000 Mbps, 6 x RJ45 ba\u011flant\u0131 noktas\u0131<\/p>\n<p>Depolama: SATA II 2 x 2,5 sabit s\u00fcr\u00fcc\u00fcler (kapasite iste\u011fe ba\u011fl\u0131), mSATA 1 x M.2 PCI-E yuvas\u0131 (kapasite iste\u011fe ba\u011fl\u0131)<\/p>\n<p>Geni\u015fleme Yuvalar\u0131: 2 x MINIPCIE (tam uzunlukta), 3G\/4G\/5G, Bluetooth, WIFI destekler<\/p>\n<p>G\u00fc\u00e7 Kayna\u011f\u0131: Giri\u015f voltaj\u0131 9-36V, 19V 6.32A 120W end\u00fcstriyel g\u00fc\u00e7 kayna\u011f\u0131<\/p>\n<p>\u00d6n Panel Arabirimleri: 1 x Line-in\/Line-out, 4 x DB9 COM (RS232), 4 x USB 3.0, 1 x HDMI<\/p>\n<p>Arka Panel Aray\u00fczleri: 1 x DC (9-36V), 1 x VGA, 1 x DVI-I<\/p>\n<p>\u00c7al\u0131\u015fma S\u0131cakl\u0131\u011f\u0131: -20 C ila 70 C, Depolama S\u0131cakl\u0131\u011f\u0131: -40 C ila 80 C<\/p>\n<p>Boyutlar\/A\u011f\u0131rl\u0131k: 269,2 x 234,6 x 160 mm, a\u011f\u0131rl\u0131k: 2,6 KG<\/p>\n<p>Sistem: WIN7, WIN8, WIN10, LINUX'u destekler<\/p>\n<h3>Neden Bizi Se\u00e7melisiniz<\/h3>\n<p>\u015eirket Ge\u00e7mi\u015fi<br \/>\nXintongtai Technology Co, Ltd 2007 y\u0131l\u0131nda, kapsaml\u0131 end\u00fcstri deneyimi ile end\u00fcstriyel bilgisayar ve aksesuarlar\u0131n ara\u015ft\u0131rma, geli\u015ftirme ve \u00fcretimine odaklanarak kurulmu\u015ftur.<br \/>\nProfesyonel \u00dcr\u00fcn Bilgileri<br \/>\nM\u00fc\u015fterilerin bilin\u00e7li karar vermeleri i\u00e7in eksiksiz verilere eri\u015febilmelerini sa\u011flamak amac\u0131yla ayr\u0131nt\u0131l\u0131 \u00fcr\u00fcn bilgileri sa\u011fl\u0131yoruz.<br \/>\nM\u00fckemmel M\u00fc\u015fteri Hizmetleri<br \/>\nY\u00fcksek kaliteli m\u00fc\u015fteri hizmetlerine olan ba\u011fl\u0131l\u0131\u011f\u0131m\u0131z, her m\u00fc\u015fterinin sat\u0131n alma ve kullan\u0131m deneyimi boyunca zaman\u0131nda destek almas\u0131n\u0131 sa\u011flar.<br \/>\nStok \u0130\u00e7i Tedarik<br \/>\n\u00dcr\u00fcnlerimiz genellikle stoklar\u0131m\u0131zda mevcuttur, bu da m\u00fc\u015fteri ihtiya\u00e7lar\u0131n\u0131 h\u0131zl\u0131 bir \u015fekilde kar\u015f\u0131lamam\u0131za ve teslimat s\u00fcrelerini k\u0131saltmam\u0131za olanak tan\u0131r.<\/p>","protected":false},"excerpt":{"rendered":"<p><strong>Marka XTT<\/strong><\/p>\n<p><strong>\u00dcr\u00fcn men\u015fei \u00c7\u0130N<\/strong><\/p>\n<p><strong>Teslimat s\u00fcresi15 g\u00fcn i\u00e7inde<\/strong><\/p>\n<p><strong>Tedarik kapasitesi9999<\/strong><\/p>\n<p>Bu \u00fcr\u00fcn, \u00f6zellikle end\u00fcstriyel uygulamalar i\u00e7in tasarlanm\u0131\u015f Intel 6-9 nesil i\u015flemcileri destekleyen y\u00fcksek performansl\u0131 bir end\u00fcstriyel bilgisayard\u0131r. Esnek geni\u015fletilebilirli\u011fi ve sa\u011flam yap\u0131s\u0131, onu \u00e7e\u015fitli zorlu \u00e7al\u0131\u015fma ortamlar\u0131 i\u00e7in uygun hale getirir.<\/p>\n<p>wE-posta G\u00f6nder<\/p>","protected":false},"featured_media":669,"template":"","meta":[],"product_brand":[],"product_cat":[183],"product_tag":[185,190,186,191],"class_list":{"0":"post-403","1":"product","2":"type-product","3":"status-publish","4":"has-post-thumbnail","6":"product_cat-rugged-computer","7":"product_tag-best-rugged-computer","8":"product_tag-industrial-rugged-computer","9":"product_tag-rugged-computer-case","10":"product_tag-rugged-tablet-computer","12":"first","13":"instock","14":"shipping-taxable","15":"product-type-simple"},"_links":{"self":[{"href":"https:\/\/sz-xtt.com\/tr\/wp-json\/wp\/v2\/product\/403","targetHints":{"allow":["GET"]}}],"collection":[{"href":"https:\/\/sz-xtt.com\/tr\/wp-json\/wp\/v2\/product"}],"about":[{"href":"https:\/\/sz-xtt.com\/tr\/wp-json\/wp\/v2\/types\/product"}],"wp:featuredmedia":[{"embeddable":true,"href":"https:\/\/sz-xtt.com\/tr\/wp-json\/wp\/v2\/media\/669"}],"wp:attachment":[{"href":"https:\/\/sz-xtt.com\/tr\/wp-json\/wp\/v2\/media?parent=403"}],"wp:term":[{"taxonomy":"product_brand","embeddable":true,"href":"https:\/\/sz-xtt.com\/tr\/wp-json\/wp\/v2\/product_brand?post=403"},{"taxonomy":"product_cat","embeddable":true,"href":"https:\/\/sz-xtt.com\/tr\/wp-json\/wp\/v2\/product_cat?post=403"},{"taxonomy":"product_tag","embeddable":true,"href":"https:\/\/sz-xtt.com\/tr\/wp-json\/wp\/v2\/product_tag?post=403"}],"curies":[{"name":"wp","href":"https:\/\/api.w.org\/{rel}","templated":true}]}}