{"id":404,"date":"2025-10-15T02:23:18","date_gmt":"2025-10-15T02:23:18","guid":{"rendered":"https:\/\/sz-xtt.com\/product\/156pac-rugged-computer\/"},"modified":"2025-10-16T04:10:15","modified_gmt":"2025-10-16T04:10:15","slug":"156pac-dayanikli-bilgisayar","status":"publish","type":"product","link":"https:\/\/sz-xtt.com\/tr\/product\/156pac-dayanikli-bilgisayar\/","title":{"rendered":"156PAC Dayan\u0131kl\u0131 Bilgisayar"},"content":{"rendered":"<h3>\u00dcr\u00fcn \u00d6zellikleri<\/h3>\n<p>G\u00fc\u00e7l\u00fc \u0130\u015fleme Yetene\u011fi<br \/>\nFeiteng D2000 sekiz \u00e7ekirdekli CPU ile donat\u0131lm\u0131\u015ft\u0131r, saat h\u0131zlar\u0131 2.3\/2.6GHz'dir ve \u00e7e\u015fitli bilgi i\u015flem ihtiya\u00e7lar\u0131n\u0131 kar\u015f\u0131lar.<br \/>\nVerimli Bellek ve Depolama<br \/>\nH\u0131zl\u0131 veri i\u015fleme i\u00e7in 1TB M.2 SSD (geni\u015fletilebilir kapasite) ile e\u015fle\u015ftirilmi\u015f ECC'li 16GB DDR4 SDRAM ile birlikte gelir.<br \/>\nY\u00fcksek \u00c7\u00f6z\u00fcn\u00fcrl\u00fckl\u00fc Ekran<br \/>\n\u00c7e\u015fitli g\u00f6rsel uygulamalar i\u00e7in uygun, 1920 1080 \u00e7\u00f6z\u00fcn\u00fcrl\u00fc\u011fe sahip 15,6 in\u00e7 HD LED LCD ekrana sahiptir.<br \/>\n\u00c7e\u015fitli Ba\u011flant\u0131<br \/>\nHarici cihazlarla iyi uyumluluk sa\u011flayan a\u011f ve USB ba\u011flant\u0131lar\u0131n\u0131 destekleyen \u00e7e\u015fitli I\/O aray\u00fczleri sa\u011flar.<\/p>\n<h3>Teknik \u00d6zellikler<\/h3>\n<p>\u0130\u015flemci: Feiteng D2000 sekiz \u00e7ekirdekli CPU, saat h\u0131z\u0131 2.3\/2.6GHz<\/p>\n<p>Bellek: ECC ile 16GB DDR4 SDRAM<\/p>\n<p>Depolama Alan\u0131: 1TB M.2 SSD (geni\u015fletilebilir kapasite)<\/p>\n<p>Ekran: JW7201 grafik kart\u0131, GDDR3 2GB, 15,6 in\u00e7, \u00e7\u00f6z\u00fcn\u00fcrl\u00fck 1920 1080<\/p>\n<p>Parlakl\u0131k: 800 cd\/m2, renk derinli\u011fi 16,7M, kontrast oran\u0131 400:1<\/p>\n<p>\u0130leti\u015fim Aray\u00fcz\u00fc: 2 x RJ45 10\/100\/1000Mbps uyarlanabilir a\u011f ba\u011flant\u0131 noktalar\u0131<\/p>\n<p>USB Aray\u00fcz\u00fc: 2 x USB 2.0, 2 x USB 3.0<\/p>\n<p>Pil: 9000mAH y\u00fcksek performansl\u0131 d\u00fc\u015f\u00fck s\u0131cakl\u0131kl\u0131 pil, teorik pil \u00f6mr\u00fc &lt; 4 saat<\/p>\n<p>G\u00fc\u00e7 Kayna\u011f\u0131: 19V 6.32A 120W uyarlanabilir AC g\u00fc\u00e7 adapt\u00f6r\u00fc<\/p>\n<p>\u015easi Malzemesi: Al\u00fcminyum ala\u015f\u0131m CNC i\u015fleme, y\u00fczey kumlanm\u0131\u015f sert anodize (iste\u011fe ba\u011fl\u0131 renk)<\/p>\n<p>\u00dcr\u00fcn Boyutlar\u0131: 380 x 300 x 70 mm (k\u00f6\u015fe ambalaj\u0131 hari\u00e7)<\/p>\n<p>\u00dcr\u00fcn A\u011f\u0131rl\u0131\u011f\u0131: 6.5KG<\/p>\n<p>\u00c7al\u0131\u015fma S\u0131cakl\u0131\u011f\u0131: -40 C ila 55 C, Depolama S\u0131cakl\u0131\u011f\u0131: -40 C ila 60 C<\/p>\n<p>Ba\u011f\u0131l Nem: 5% ila 95% (RH yo\u011fu\u015fmas\u0131z)<\/p>\n<p>Su ve Toza Dayan\u0131kl\u0131l\u0131k Derecesi: IP65<\/p>\n<h3>Neden Bizi Se\u00e7melisiniz<\/h3>\n<p>\u015eirket Ge\u00e7mi\u015fi<br \/>\nY\u0131llara dayanan end\u00fcstri deneyimi ve teknik uzmanl\u0131\u011f\u0131m\u0131zla y\u00fcksek performansl\u0131 end\u00fcstriyel bilgi i\u015flem \u00e7\u00f6z\u00fcmleri sunmaya kendimizi adad\u0131k.<br \/>\nProfesyonel Teknik Destek<br \/>\nEkibimiz, kapsaml\u0131 \u00fcr\u00fcn deste\u011fi ve sat\u0131\u015f sonras\u0131 hizmet sunmak i\u00e7in zengin teknik bilgiye sahiptir.<br \/>\nKalite G\u00fcvence<br \/>\nT\u00fcm \u00fcr\u00fcnler zorlu ortamlarda istikrarl\u0131 \u00e7al\u0131\u015fmay\u0131 sa\u011flamak i\u00e7in titiz testlerden ge\u00e7irilir.<\/p>","protected":false},"excerpt":{"rendered":"<p><strong>Marka XTT<\/strong><\/p>\n<p><strong>\u00dcr\u00fcn men\u015fei \u00c7\u0130N<\/strong><\/p>\n<p><strong>Teslimat s\u00fcresi15 g\u00fcn i\u00e7inde<\/strong><\/p>\n<p><strong>Tedarik kapasitesi9999<\/strong><\/p>\n<p>Bu end\u00fcstriyel bilgisayar, y\u00fcksek performansl\u0131 bilgi i\u015flem i\u00e7in tasarlanm\u0131\u015f 2,6 GHz'e kadar saat h\u0131z\u0131na sahip Feiteng D2000 sekiz \u00e7ekirdekli CPU'ya sahiptir. Sa\u011flam yap\u0131s\u0131 ve ola\u011fan\u00fcst\u00fc performans\u0131 onu end\u00fcstriyel ortamlar i\u00e7in ideal hale getirir.<\/p>","protected":false},"featured_media":671,"template":"","meta":[],"product_brand":[],"product_cat":[183],"product_tag":[188,187,189,191],"class_list":{"0":"post-404","1":"product","2":"type-product","3":"status-publish","4":"has-post-thumbnail","6":"product_cat-rugged-computer","7":"product_tag-rugged-computer-laptop","8":"product_tag-rugged-military-computer","9":"product_tag-rugged-panel-computer","10":"product_tag-rugged-tablet-computer","12":"first","13":"instock","14":"shipping-taxable","15":"product-type-simple"},"_links":{"self":[{"href":"https:\/\/sz-xtt.com\/tr\/wp-json\/wp\/v2\/product\/404","targetHints":{"allow":["GET"]}}],"collection":[{"href":"https:\/\/sz-xtt.com\/tr\/wp-json\/wp\/v2\/product"}],"about":[{"href":"https:\/\/sz-xtt.com\/tr\/wp-json\/wp\/v2\/types\/product"}],"wp:featuredmedia":[{"embeddable":true,"href":"https:\/\/sz-xtt.com\/tr\/wp-json\/wp\/v2\/media\/671"}],"wp:attachment":[{"href":"https:\/\/sz-xtt.com\/tr\/wp-json\/wp\/v2\/media?parent=404"}],"wp:term":[{"taxonomy":"product_brand","embeddable":true,"href":"https:\/\/sz-xtt.com\/tr\/wp-json\/wp\/v2\/product_brand?post=404"},{"taxonomy":"product_cat","embeddable":true,"href":"https:\/\/sz-xtt.com\/tr\/wp-json\/wp\/v2\/product_cat?post=404"},{"taxonomy":"product_tag","embeddable":true,"href":"https:\/\/sz-xtt.com\/tr\/wp-json\/wp\/v2\/product_tag?post=404"}],"curies":[{"name":"wp","href":"https:\/\/api.w.org\/{rel}","templated":true}]}}