{"id":406,"date":"2025-10-15T02:23:18","date_gmt":"2025-10-15T02:23:18","guid":{"rendered":"https:\/\/sz-xtt.com\/product\/156jg-rugged-computer\/"},"modified":"2025-10-16T04:13:42","modified_gmt":"2025-10-16T04:13:42","slug":"156jg-rugged-computer","status":"publish","type":"product","link":"https:\/\/sz-xtt.com\/tr\/product\/156jg-rugged-computer\/","title":{"rendered":"156JG Dayan\u0131kl\u0131 Bilgisayar"},"content":{"rendered":"<h3>\u00dcr\u00fcn \u00d6zellikleri<\/h3>\n<p>Durable Design: Features a dustproof, waterproof, and shock-resistant casing, ensuring stable operation under extreme conditions.<\/p>\n<p>Powerful Performance: Equipped with high-performance processors and large-capacity storage to meet demanding computing needs.<\/p>\n<p>Flexible Expansion: Offers multiple expansion slots, allowing users to customize according to their requirements.<\/p>\n<p>Efficient Cooling: Built-in high-efficiency cooling system ensures continuous operation in high-temperature environments.<\/p>\n<p>rugged notebook computers<\/p>\n<h3>\u00dcr\u00fcn \u00d6zellikleri<\/h3>\n<p>Processor: Intel i7\/i9 or AMD Ryzen<\/p>\n<p>Memory: Supports up to 64GB DDR4<\/p>\n<p>Storage: Optional 1TB SSD or 2TB HDD<\/p>\n<p>Dimensions: 420mm x 300mm x 150mm<\/p>\n<p>Weight: Approximately 8kg<\/p>\n<p>rugged computer backpack<\/p>\n<h3>Neden Bizi Se\u00e7melisiniz<\/h3>\n<p>\u015eirket Ge\u00e7mi\u015fi: Xintongtai 2007 y\u0131l\u0131nda kurulmu\u015ftur ve zengin end\u00fcstri deneyimi biriktirerek sunucu ve aksesuarlar\u0131n ara\u015ft\u0131rma ve \u00fcretiminde uzmanla\u015fm\u0131\u015ft\u0131r.<\/p>\n<p>Quality Products: We provide detailed product information, ensuring users can easily select the right rugged computer.<\/p>\n<p>M\u00fckemmel Hizmet: M\u00fc\u015fteri hizmetleri ekibimiz profesyonel ve verimlidir, her zaman teknik destek ve sat\u0131\u015f sonras\u0131 hizmet vermeye haz\u0131rd\u0131r.<\/p>\n<p>Stok \u0130\u00e7i Tedarik: H\u0131zl\u0131 sevkiyat i\u00e7in bol miktarda \u00fcr\u00fcn envanteri bulunduruyor ve m\u00fc\u015fteri ihtiya\u00e7lar\u0131n\u0131n zaman\u0131nda kar\u015f\u0131lanmas\u0131n\u0131 sa\u011fl\u0131yoruz.<\/p>","protected":false},"excerpt":{"rendered":"<p><strong>Marka XTT<\/strong><\/p>\n<p><strong>\u00dcr\u00fcn men\u015fei \u00c7\u0130N<\/strong><\/p>\n<p><strong>Teslimat s\u00fcresi15 g\u00fcn i\u00e7inde<\/strong><\/p>\n<p><strong>Tedarik kapasitesi9999<\/strong><\/p>\n<p>Our rugged computer is designed to deliver exceptional performance and reliability in harsh environments. With high-quality materials and advanced technology, this product is suitable for various industry applications, including industrial, military, and transportation sectors.<\/p>","protected":false},"featured_media":680,"template":"","meta":[],"product_brand":[],"product_cat":[183],"product_tag":[188,187,189,191],"class_list":{"0":"post-406","1":"product","2":"type-product","3":"status-publish","4":"has-post-thumbnail","6":"product_cat-rugged-computer","7":"product_tag-rugged-computer-laptop","8":"product_tag-rugged-military-computer","9":"product_tag-rugged-panel-computer","10":"product_tag-rugged-tablet-computer","12":"first","13":"instock","14":"shipping-taxable","15":"product-type-simple"},"_links":{"self":[{"href":"https:\/\/sz-xtt.com\/tr\/wp-json\/wp\/v2\/product\/406","targetHints":{"allow":["GET"]}}],"collection":[{"href":"https:\/\/sz-xtt.com\/tr\/wp-json\/wp\/v2\/product"}],"about":[{"href":"https:\/\/sz-xtt.com\/tr\/wp-json\/wp\/v2\/types\/product"}],"wp:featuredmedia":[{"embeddable":true,"href":"https:\/\/sz-xtt.com\/tr\/wp-json\/wp\/v2\/media\/680"}],"wp:attachment":[{"href":"https:\/\/sz-xtt.com\/tr\/wp-json\/wp\/v2\/media?parent=406"}],"wp:term":[{"taxonomy":"product_brand","embeddable":true,"href":"https:\/\/sz-xtt.com\/tr\/wp-json\/wp\/v2\/product_brand?post=406"},{"taxonomy":"product_cat","embeddable":true,"href":"https:\/\/sz-xtt.com\/tr\/wp-json\/wp\/v2\/product_cat?post=406"},{"taxonomy":"product_tag","embeddable":true,"href":"https:\/\/sz-xtt.com\/tr\/wp-json\/wp\/v2\/product_tag?post=406"}],"curies":[{"name":"wp","href":"https:\/\/api.w.org\/{rel}","templated":true}]}}