{"id":408,"date":"2025-10-15T02:23:18","date_gmt":"2025-10-15T02:23:18","guid":{"rendered":"https:\/\/sz-xtt.com\/product\/200-48x6c-network-splitter\/"},"modified":"2025-12-02T03:20:03","modified_gmt":"2025-12-02T03:20:03","slug":"200-48x6c-network-splitter","status":"publish","type":"product","link":"https:\/\/sz-xtt.com\/tr\/product\/200-48x6c-network-splitter\/","title":{"rendered":"200-48X6C a\u011f ay\u0131r\u0131c\u0131"},"content":{"rendered":"<h3>\u00dcr\u00fcn \u00d6zellikleri<\/h3>\n<p>Multi-Interface Support<br \/>\nOffers 48 10GE\/GE interfaces and 6 100GE\/40GE interfaces to meet diverse network environment needs.<br \/>\nFlexible Traffic Mirroring and Duplication<br \/>\nSupports bypass deployment, flexibly duplicating traffic from multiple mirror ports to ensure data integrity.<br \/>\nPowerful Filtering Capabilities<br \/>\nSupports various filtering rules including VLAN ID, MAC addresses, source\/destination IP addresses, compatible with IPv4 and IPv6, enhancing network security.<br \/>\nEfficient Tunnel Packet Recognition<br \/>\nSupports multi-layer VLAN and MPLS, GRE, VXLAN, and other tunnel protocol recognition for comprehensive traffic monitoring and management.<\/p>\n<p><img decoding=\"async\" class=\"size-medium wp-image-646\" src=\"https:\/\/sz-xtt.com\/wp-content\/uploads\/2025\/10\/UT-200-48X6C-B-300x66.png\" alt=\"a\u011f anahtar\u0131 vs ay\u0131r\u0131c\u0131\uff0clan a\u011f ay\u0131r\u0131c\u0131\uff0cdish a\u011f ay\u0131r\u0131c\u0131\uff0ca\u011f ay\u0131r\u0131c\u0131 vs anahtar\uff0ca\u011f tel ay\u0131r\u0131c\u0131\" width=\"300\" height=\"66\" srcset=\"https:\/\/sz-xtt.com\/wp-content\/uploads\/2025\/10\/UT-200-48X6C-B-300x66.png 300w, https:\/\/sz-xtt.com\/wp-content\/uploads\/2025\/10\/UT-200-48X6C-B-1024x226.png 1024w, https:\/\/sz-xtt.com\/wp-content\/uploads\/2025\/10\/UT-200-48X6C-B-768x170.png 768w, https:\/\/sz-xtt.com\/wp-content\/uploads\/2025\/10\/UT-200-48X6C-B-1536x339.png 1536w, https:\/\/sz-xtt.com\/wp-content\/uploads\/2025\/10\/UT-200-48X6C-B-2048x452.png 2048w, https:\/\/sz-xtt.com\/wp-content\/uploads\/2025\/10\/UT-200-48X6C-B-600x132.png 600w\" sizes=\"(max-width: 300px) 100vw, 300px\" \/><\/p>\n<h3>\u00dcr\u00fcn \u00d6zellikleri<\/h3>\n<p>Model: UT200-48X6C<\/p>\n<p>Business Interface: 4810GE\/GE, 6100GE\/40GE<\/p>\n<p>Throughput: 1080Gbps<\/p>\n<p>Tag Processing: Supports adding and stripping VLAN tags<\/p>\n<p>Management Interface: 1*RJ45 management port<\/p>\n<p>Device Management: Supports CLI, SNMP, WEB management<\/p>\n<p>Operating Temperature: 0 to 40<\/p>\n<p>Power Supply and Consumption: 220V AC, 300W power consumption<\/p>\n<p>Chassis Dimensions: 460 440 44(mm)<\/p>\n<p>Weight: 8-10KG<\/p>\n<h3>Neden Bizi Se\u00e7melisiniz<\/h3>\n<p>Profesyonel Deneyim<br \/>\nXintongtai Company was established in 2007 and specializes in servers and accessories, accumulating rich industry experience and technical strength.<br \/>\nQuality Products<br \/>\nWe provide detailed product information to ensure customers fully understand product performance and features, enabling them to make informed decisions.<br \/>\nExcellent Service<br \/>\nWe are committed to providing quality customer service, prioritizing customer needs to ensure satisfaction.<br \/>\nStok \u0130\u00e7i Tedarik<br \/>\n\u00dcr\u00fcnlerimiz stoklar\u0131m\u0131zda mevcuttur ve acil m\u00fc\u015fteri ihtiya\u00e7lar\u0131n\u0131 kar\u015f\u0131lamak ve sorunsuz i\u015f operasyonlar\u0131 sa\u011flamak i\u00e7in h\u0131zl\u0131 teslimat sa\u011flar.<\/p>","protected":false},"excerpt":{"rendered":"<p><strong>Marka XTT<\/strong><\/p>\n<p><strong>\u00dcr\u00fcn men\u015fei \u00c7\u0130N<\/strong><\/p>\n<p><strong>Teslimat s\u00fcresi15 g\u00fcn i\u00e7inde<\/strong><\/p>\n<p><strong>Tedarik kapasitesi9999<\/strong><\/p>\n<p>The UT200-48X6C is a high-performance boxed network splitter designed for high-bandwidth network environments. This device supports 48 10GE\/GE interfaces and 6 100GE\/40GE interfaces, delivering outstanding throughput (1080Gbps) to meet the demands of modern network traffic monitoring and data analysis. The UT200-48X6C is suitable for various network performance analysis, forensic analysis, and security monitoring systems, providing users with a powerful front-end access hardware platform.<\/p>","protected":false},"featured_media":643,"template":"","meta":[],"product_brand":[],"product_cat":[192],"product_tag":[195,194,196,193,197],"class_list":{"0":"post-408","1":"product","2":"type-product","3":"status-publish","4":"has-post-thumbnail","6":"product_cat-network-splitter","7":"product_tag-dish-network-splitter","8":"product_tag-lan-network-splitter","9":"product_tag-network-splitter-vs-switch","10":"product_tag-network-switch-vs-splitter","11":"product_tag-network-wire-splitter","13":"first","14":"instock","15":"featured","16":"shipping-taxable","17":"product-type-simple"},"_links":{"self":[{"href":"https:\/\/sz-xtt.com\/tr\/wp-json\/wp\/v2\/product\/408","targetHints":{"allow":["GET"]}}],"collection":[{"href":"https:\/\/sz-xtt.com\/tr\/wp-json\/wp\/v2\/product"}],"about":[{"href":"https:\/\/sz-xtt.com\/tr\/wp-json\/wp\/v2\/types\/product"}],"wp:featuredmedia":[{"embeddable":true,"href":"https:\/\/sz-xtt.com\/tr\/wp-json\/wp\/v2\/media\/643"}],"wp:attachment":[{"href":"https:\/\/sz-xtt.com\/tr\/wp-json\/wp\/v2\/media?parent=408"}],"wp:term":[{"taxonomy":"product_brand","embeddable":true,"href":"https:\/\/sz-xtt.com\/tr\/wp-json\/wp\/v2\/product_brand?post=408"},{"taxonomy":"product_cat","embeddable":true,"href":"https:\/\/sz-xtt.com\/tr\/wp-json\/wp\/v2\/product_cat?post=408"},{"taxonomy":"product_tag","embeddable":true,"href":"https:\/\/sz-xtt.com\/tr\/wp-json\/wp\/v2\/product_tag?post=408"}],"curies":[{"name":"wp","href":"https:\/\/api.w.org\/{rel}","templated":true}]}}