{"id":419,"date":"2025-10-15T02:23:19","date_gmt":"2025-10-15T02:23:19","guid":{"rendered":"https:\/\/sz-xtt.com\/product\/xtt-11-cpu-cooler\/"},"modified":"2025-10-15T15:18:00","modified_gmt":"2025-10-15T15:18:00","slug":"xtt-11-cpu-cooler","status":"publish","type":"product","link":"https:\/\/sz-xtt.com\/tr\/product\/xtt-11-cpu-cooler\/","title":{"rendered":"XTT-11 CPU so\u011futucusu"},"content":{"rendered":"<h3>\u00dcr\u00fcn \u00d6zellikleri<\/h3>\n<p>Dual Tower Design: The dual heat sink structure provides a larger cooling area, enhancing heat dissipation efficiency.<\/p>\n<p>High Thermal Conductivity Materials: Utilizes premium copper heat pipes to ensure rapid heat transfer, enhancing cooling performance.<\/p>\n<p>Black Coating: The heat sink surface features a black coating that improves thermal performance and aesthetics.<\/p>\n<p>Strong Compatibility: Compatible with various CPU models and easy to install, catering to different types of users.<\/p>\n<h3>\u00dcr\u00fcn \u00d6zellikleri<\/h3>\n<p>Malzeme: Y\u00fcksek \u0131s\u0131 iletkenli\u011fine sahip bak\u0131r ve al\u00fcminyum<\/p>\n<p>Is\u0131 Borusu Say\u0131s\u0131: \u00c7oklu<\/p>\n<p>Dimensions: 160mm x 130mm x 160mm<\/p>\n<p>Weight: 950g<\/p>\n<p>Uyumluluk: Intel ve AMD i\u015flemcileri destekler<\/p>\n<h3>Neden Bizi Se\u00e7melisiniz<\/h3>\n<p>\u015eirket Ge\u00e7mi\u015fi: Xintongtai 2007 y\u0131l\u0131nda kurulmu\u015ftur ve zengin end\u00fcstri deneyimi biriktirerek sunucu ve aksesuarlar\u0131n ara\u015ft\u0131rma ve \u00fcretiminde uzmanla\u015fm\u0131\u015ft\u0131r.<\/p>\n<p>Kaliteli \u00dcr\u00fcnler: Kullan\u0131c\u0131lar\u0131n ihtiya\u00e7lar\u0131 i\u00e7in do\u011fru so\u011futucuyu kolayca se\u00e7ebilmelerini sa\u011flamak i\u00e7in ayr\u0131nt\u0131l\u0131 \u00fcr\u00fcn bilgileri sa\u011fl\u0131yoruz.<\/p>\n<p>M\u00fckemmel Hizmet: M\u00fc\u015fteri hizmetleri ekibimiz profesyonel ve verimlidir, her zaman teknik destek ve sat\u0131\u015f sonras\u0131 hizmet vermeye haz\u0131rd\u0131r.<\/p>\n<p>Stok \u0130\u00e7i Tedarik: H\u0131zl\u0131 sevkiyat i\u00e7in bol miktarda \u00fcr\u00fcn envanteri bulunduruyor ve m\u00fc\u015fteri ihtiya\u00e7lar\u0131n\u0131n zaman\u0131nda kar\u015f\u0131lanmas\u0131n\u0131 sa\u011fl\u0131yoruz.<\/p>","protected":false},"excerpt":{"rendered":"<p><strong>Marka XTT<\/strong><\/p>\n<p><strong>\u00dcr\u00fcn men\u015fei \u00c7\u0130N<\/strong><\/p>\n<p><strong>Teslimat s\u00fcresi15 g\u00fcn i\u00e7inde<\/strong><\/p>\n<p><strong>Tedarik kapasitesi9999<\/strong><\/p>\n<p>Our dual-tower CPU cooler features an efficient cooling design, specifically tailored for high-performance computing needs. With multiple heat pipes and an optimized heat sink layout, this cooler effectively lowers CPU temperatures, ensuring stable system operation, making it ideal for gaming, graphics processing, and data computation.<\/p>","protected":false},"featured_media":635,"template":"","meta":[],"product_brand":[],"product_cat":[198],"product_tag":[213,214,211,212,210],"class_list":{"0":"post-419","1":"product","2":"type-product","3":"status-publish","4":"has-post-thumbnail","6":"product_cat-cpu-cooler","7":"product_tag-am4-cpu-cooler","8":"product_tag-best-cpu-cooler-for-i9-13900k","9":"product_tag-cpu-cooling-radiator","10":"product_tag-cpu-water-cooler-radeator","11":"product_tag-external-cpu-cooler","13":"first","14":"instock","15":"shipping-taxable","16":"product-type-simple"},"_links":{"self":[{"href":"https:\/\/sz-xtt.com\/tr\/wp-json\/wp\/v2\/product\/419","targetHints":{"allow":["GET"]}}],"collection":[{"href":"https:\/\/sz-xtt.com\/tr\/wp-json\/wp\/v2\/product"}],"about":[{"href":"https:\/\/sz-xtt.com\/tr\/wp-json\/wp\/v2\/types\/product"}],"wp:featuredmedia":[{"embeddable":true,"href":"https:\/\/sz-xtt.com\/tr\/wp-json\/wp\/v2\/media\/635"}],"wp:attachment":[{"href":"https:\/\/sz-xtt.com\/tr\/wp-json\/wp\/v2\/media?parent=419"}],"wp:term":[{"taxonomy":"product_brand","embeddable":true,"href":"https:\/\/sz-xtt.com\/tr\/wp-json\/wp\/v2\/product_brand?post=419"},{"taxonomy":"product_cat","embeddable":true,"href":"https:\/\/sz-xtt.com\/tr\/wp-json\/wp\/v2\/product_cat?post=419"},{"taxonomy":"product_tag","embeddable":true,"href":"https:\/\/sz-xtt.com\/tr\/wp-json\/wp\/v2\/product_tag?post=419"}],"curies":[{"name":"wp","href":"https:\/\/api.w.org\/{rel}","templated":true}]}}