{"id":424,"date":"2025-10-15T02:23:20","date_gmt":"2025-10-15T02:23:20","guid":{"rendered":"https:\/\/sz-xtt.com\/product\/xtt-16-cpu-cooler\/"},"modified":"2025-10-15T10:02:26","modified_gmt":"2025-10-15T10:02:26","slug":"xtt-16-cpu-cooler","status":"publish","type":"product","link":"https:\/\/sz-xtt.com\/tr\/product\/xtt-16-cpu-cooler\/","title":{"rendered":"XTT-16 CPU so\u011futucusu"},"content":{"rendered":"<h3>\u00dcr\u00fcn \u00d6zellikleri<\/h3>\n<p>Verimli Termal Tasar\u0131m: H\u0131zl\u0131 ve etkili \u0131s\u0131 transferi i\u00e7in bak\u0131r ve al\u00fcminyum kombinasyonu kullan\u0131r.<\/p>\n<p>Dayan\u0131kl\u0131 Malzemeler: Uzun s\u00fcreli kullan\u0131m i\u00e7in m\u00fckemmel korozyon direnci ve uzun \u00f6m\u00fcr sa\u011flayan birinci s\u0131n\u0131f metal yap\u0131.<\/p>\n<p>\u00c7ok Y\u00f6nl\u00fc Uyumluluk: Farkl\u0131 marka ve model CPU ve GPU'lar i\u00e7in uygun \u00e7e\u015fitli su so\u011futma sistemleri ile uyumludur.<\/p>\n<p>Kolay Kurulum: Ayr\u0131nt\u0131l\u0131 kurulum talimatlar\u0131 ile basit tasar\u0131m, h\u0131zl\u0131 kurulum i\u00e7in kullan\u0131c\u0131 dostu.<\/p>\n<h3>\u00dcr\u00fcn \u00d6zellikleri<\/h3>\n<p>Malzeme Bak\u0131r ve al\u00fcminyum<\/p>\n<p>Boyutlar: \u00d6zel modele g\u00f6re de\u011fi\u015fir<\/p>\n<p>A\u011f\u0131rl\u0131k: Yakla\u015f\u0131k 500g<\/p>\n<p>Uyumluluk: \u00c7e\u015fitli su so\u011futma sistemlerini ve i\u015flemcileri destekler<\/p>\n<p>&nbsp;<\/p>\n<h3>Neden Bizi Se\u00e7melisiniz<\/h3>\n<p>\u015eirket Ge\u00e7mi\u015fi: Xintongtai 2007 y\u0131l\u0131nda kurulmu\u015ftur ve zengin end\u00fcstri deneyimi biriktirerek sunucu ve aksesuarlar\u0131n ara\u015ft\u0131rma ve \u00fcretiminde uzmanla\u015fm\u0131\u015ft\u0131r.<\/p>\n<p>Kaliteli \u00dcr\u00fcnler: Kullan\u0131c\u0131lar\u0131n uygun su so\u011futma bile\u015fenini kolayca se\u00e7ebilmelerini sa\u011flamak i\u00e7in ayr\u0131nt\u0131l\u0131 \u00fcr\u00fcn bilgileri sa\u011fl\u0131yoruz.<\/p>\n<p>M\u00fckemmel Hizmet: M\u00fc\u015fteri hizmetleri ekibimiz profesyonel ve verimlidir, her zaman teknik destek ve sat\u0131\u015f sonras\u0131 hizmet vermeye haz\u0131rd\u0131r.<\/p>\n<p>Stok \u0130\u00e7i Tedarik: H\u0131zl\u0131 sevkiyat i\u00e7in bol miktarda \u00fcr\u00fcn envanteri bulunduruyor ve m\u00fc\u015fteri ihtiya\u00e7lar\u0131n\u0131n zaman\u0131nda kar\u015f\u0131lanmas\u0131n\u0131 sa\u011fl\u0131yoruz.<\/p>","protected":false},"excerpt":{"rendered":"<p><strong>Marka XTT<\/strong><\/p>\n<p><strong>\u00dcr\u00fcn men\u015fei \u00c7\u0130N<\/strong><\/p>\n<p><strong>Teslimat s\u00fcresi15 g\u00fcn i\u00e7inde<\/strong><\/p>\n<p><strong>Tedarik kapasitesi9999<\/strong><\/p>\n<p>Su so\u011futma bile\u015fenimiz, ola\u011fan\u00fcst\u00fc so\u011futma performans\u0131 sa\u011flamay\u0131 ama\u00e7layan y\u00fcksek termal iletkenlik malzemelerine ve geli\u015fmi\u015f tasar\u0131ma sahiptir. Bu bile\u015fen \u00e7e\u015fitli su so\u011futma sistemleriyle uyumludur ve a\u011f\u0131r y\u00fck ko\u015fullar\u0131 alt\u0131nda istikrarl\u0131 CPU ve GPU \u00e7al\u0131\u015fmas\u0131 sa\u011flar.<\/p>","protected":false},"featured_media":574,"template":"","meta":[],"product_brand":[],"product_cat":[198],"product_tag":[214,209,206,216,217],"class_list":{"0":"post-424","1":"product","2":"type-product","3":"status-publish","4":"has-post-thumbnail","6":"product_cat-cpu-cooler","7":"product_tag-best-cpu-cooler-for-i9-13900k","8":"product_tag-cooler-master-cpu-heatsink","9":"product_tag-cpu-cooling-block","10":"product_tag-cpu-water-cooling-reservoir","11":"product_tag-low-profile-cpu-cooler","13":"first","14":"instock","15":"shipping-taxable","16":"product-type-simple"},"_links":{"self":[{"href":"https:\/\/sz-xtt.com\/tr\/wp-json\/wp\/v2\/product\/424","targetHints":{"allow":["GET"]}}],"collection":[{"href":"https:\/\/sz-xtt.com\/tr\/wp-json\/wp\/v2\/product"}],"about":[{"href":"https:\/\/sz-xtt.com\/tr\/wp-json\/wp\/v2\/types\/product"}],"wp:featuredmedia":[{"embeddable":true,"href":"https:\/\/sz-xtt.com\/tr\/wp-json\/wp\/v2\/media\/574"}],"wp:attachment":[{"href":"https:\/\/sz-xtt.com\/tr\/wp-json\/wp\/v2\/media?parent=424"}],"wp:term":[{"taxonomy":"product_brand","embeddable":true,"href":"https:\/\/sz-xtt.com\/tr\/wp-json\/wp\/v2\/product_brand?post=424"},{"taxonomy":"product_cat","embeddable":true,"href":"https:\/\/sz-xtt.com\/tr\/wp-json\/wp\/v2\/product_cat?post=424"},{"taxonomy":"product_tag","embeddable":true,"href":"https:\/\/sz-xtt.com\/tr\/wp-json\/wp\/v2\/product_tag?post=424"}],"curies":[{"name":"wp","href":"https:\/\/api.w.org\/{rel}","templated":true}]}}