{"id":425,"date":"2025-10-15T02:23:20","date_gmt":"2025-10-15T02:23:20","guid":{"rendered":"https:\/\/sz-xtt.com\/product\/xtt-17-cpu-cooler\/"},"modified":"2025-10-15T14:53:22","modified_gmt":"2025-10-15T14:53:22","slug":"xtt-17-cpu-cooler","status":"publish","type":"product","link":"https:\/\/sz-xtt.com\/tr\/product\/xtt-17-cpu-cooler\/","title":{"rendered":"XTT-17 CPU so\u011futucusu"},"content":{"rendered":"<h3>\u00dcr\u00fcn \u00d6zellikleri<\/h3>\n<p>Efficient Fan Design: The fan features optimized blade design for enhanced airflow and cooling performance.<\/p>\n<p>Premium Materials: Made from high-temperature resistant metal materials, ensuring stable operation over extended periods.<\/p>\n<p>Versatile Compatibility: Compatible with various water cooling systems and hardware, supporting multiple CPU and GPU models.<\/p>\n<p>Easy Installation: Simple design with included installation instructions for quick user setup.<\/p>\n<h3>\u00dcr\u00fcn \u00d6zellikleri<\/h3>\n<p>Malzeme Bak\u0131r ve al\u00fcminyum<\/p>\n<p>Fan Diameter: Approximately 80mm (specific models may vary)<\/p>\n<p>Nominal Gerilim: 12V<\/p>\n<p>Power Consumption: Approximately 2W<\/p>\n<h3>Neden Bizi Se\u00e7melisiniz<\/h3>\n<p>\u015eirket Ge\u00e7mi\u015fi: Xintongtai 2007 y\u0131l\u0131nda kurulmu\u015ftur ve zengin end\u00fcstri deneyimi biriktirerek sunucu ve aksesuarlar\u0131n ara\u015ft\u0131rma ve \u00fcretiminde uzmanla\u015fm\u0131\u015ft\u0131r.<\/p>\n<p>Quality Products: We provide detailed product information, ensuring users can easily select the appropriate fan component.<\/p>\n<p>M\u00fckemmel Hizmet: M\u00fc\u015fteri hizmetleri ekibimiz profesyonel ve verimlidir, her zaman teknik destek ve sat\u0131\u015f sonras\u0131 hizmet vermeye haz\u0131rd\u0131r.<\/p>\n<p>Stok \u0130\u00e7i Tedarik: H\u0131zl\u0131 sevkiyat i\u00e7in bol miktarda \u00fcr\u00fcn envanteri bulunduruyor ve m\u00fc\u015fteri ihtiya\u00e7lar\u0131n\u0131n zaman\u0131nda kar\u015f\u0131lanmas\u0131n\u0131 sa\u011fl\u0131yoruz.<\/p>","protected":false},"excerpt":{"rendered":"<p><strong>Marka XTT<\/strong><\/p>\n<p><strong>\u00dcr\u00fcn men\u015fei \u00c7\u0130N<\/strong><\/p>\n<p><strong>Teslimat s\u00fcresi15 g\u00fcn i\u00e7inde<\/strong><\/p>\n<p><strong>Tedarik kapasitesi9999<\/strong><\/p>\n<p>Our water cooling fan component is designed to provide an efficient cooling solution suitable for high-performance computing environments. This component combines a powerful fan with a quality heatsink, ensuring devices remain stable and cool under heavy load.<\/p>","protected":false},"featured_media":581,"template":"","meta":[],"product_brand":[],"product_cat":[198],"product_tag":[204,218,200,216,217],"class_list":{"0":"post-425","1":"product","2":"type-product","3":"status-publish","4":"has-post-thumbnail","6":"product_cat-cpu-cooler","7":"product_tag-best-air-cooled-cpu-cooler","8":"product_tag-cpu-cooling-fan-cooler-master","9":"product_tag-cpu-water-cooling-kit","10":"product_tag-cpu-water-cooling-reservoir","11":"product_tag-low-profile-cpu-cooler","13":"first","14":"instock","15":"shipping-taxable","16":"product-type-simple"},"_links":{"self":[{"href":"https:\/\/sz-xtt.com\/tr\/wp-json\/wp\/v2\/product\/425","targetHints":{"allow":["GET"]}}],"collection":[{"href":"https:\/\/sz-xtt.com\/tr\/wp-json\/wp\/v2\/product"}],"about":[{"href":"https:\/\/sz-xtt.com\/tr\/wp-json\/wp\/v2\/types\/product"}],"wp:featuredmedia":[{"embeddable":true,"href":"https:\/\/sz-xtt.com\/tr\/wp-json\/wp\/v2\/media\/581"}],"wp:attachment":[{"href":"https:\/\/sz-xtt.com\/tr\/wp-json\/wp\/v2\/media?parent=425"}],"wp:term":[{"taxonomy":"product_brand","embeddable":true,"href":"https:\/\/sz-xtt.com\/tr\/wp-json\/wp\/v2\/product_brand?post=425"},{"taxonomy":"product_cat","embeddable":true,"href":"https:\/\/sz-xtt.com\/tr\/wp-json\/wp\/v2\/product_cat?post=425"},{"taxonomy":"product_tag","embeddable":true,"href":"https:\/\/sz-xtt.com\/tr\/wp-json\/wp\/v2\/product_tag?post=425"}],"curies":[{"name":"wp","href":"https:\/\/api.w.org\/{rel}","templated":true}]}}