{"id":426,"date":"2025-10-15T02:23:20","date_gmt":"2025-10-15T02:23:20","guid":{"rendered":"https:\/\/sz-xtt.com\/product\/xtt-18-cpu-cooler\/"},"modified":"2025-10-15T14:55:39","modified_gmt":"2025-10-15T14:55:39","slug":"xtt-18-cpu-cooler","status":"publish","type":"product","link":"https:\/\/sz-xtt.com\/tr\/product\/xtt-18-cpu-cooler\/","title":{"rendered":"XTT-18 CPU so\u011futucusu"},"content":{"rendered":"<h3>\u00dcr\u00fcn \u00d6zellikleri<\/h3>\n<p>Verimli So\u011futma Tasar\u0131m\u0131: Is\u0131 transferini ve da\u011f\u0131l\u0131m verimlili\u011fini art\u0131rmak i\u00e7in \u00e7oklu \u0131s\u0131 borular\u0131 ve al\u00fcminyum kanatlar kullan\u0131r.<\/p>\n<p>Dayan\u0131kl\u0131 Malzemeler: Uzun s\u00fcreli g\u00fcvenilirlik sa\u011flayan y\u00fcksek kaliteli metal malzemelerden \u00fcretilmi\u015ftir.<\/p>\n<p>\u00c7ok Y\u00f6nl\u00fc Uyumluluk: \u00c7e\u015fitli marka ve model i\u015flemcilerle uyumludur ve farkl\u0131 kullan\u0131c\u0131 ihtiya\u00e7lar\u0131n\u0131 kar\u015f\u0131lar.<\/p>\n<p>Kolay Kurulum: H\u0131zl\u0131 kullan\u0131c\u0131 kurulumu i\u00e7in ayr\u0131nt\u0131l\u0131 kurulum talimatlar\u0131 i\u00e7eren \u00f6zenli tasar\u0131m.<\/p>\n<h3>\u00dcr\u00fcn \u00d6zellikleri<\/h3>\n<p>Malzeme Bak\u0131r ve al\u00fcminyum<\/p>\n<p>Fan Boyutu: Yakla\u015f\u0131k 92mm (belirli modeller de\u011fi\u015febilir)<\/p>\n<p>Nominal Gerilim: 12V<\/p>\n<p>G\u00fc\u00e7 T\u00fcketimi: Yakla\u015f\u0131k 4W<\/p>\n<h3>Neden Bizi Se\u00e7melisiniz<\/h3>\n<p>\u015eirket Ge\u00e7mi\u015fi: Xintongtai, kapsaml\u0131 end\u00fcstri deneyimi ile sunucu ve aksesuarlar\u0131n ara\u015ft\u0131rma ve \u00fcretiminde uzmanla\u015fm\u0131\u015ft\u0131r.<\/p>\n<p>Kaliteli \u00dcr\u00fcnler: M\u00fc\u015fterilerin do\u011fru so\u011futucu bile\u015fenini kolayca se\u00e7ebilmelerini sa\u011flamak i\u00e7in ayr\u0131nt\u0131l\u0131 \u00fcr\u00fcn bilgileri sunuyoruz.<\/p>\n<p>M\u00fckemmel Hizmet: M\u00fc\u015fteri hizmetleri ekibimiz profesyonel ve verimlidir, her zaman teknik destek sa\u011flamaya haz\u0131rd\u0131r.<\/p>\n<p>Stok \u0130\u00e7i Tedarik: H\u0131zl\u0131 sevkiyat i\u00e7in bol miktarda \u00fcr\u00fcn envanteri bulunduruyor ve m\u00fc\u015fteri ihtiya\u00e7lar\u0131n\u0131n zaman\u0131nda kar\u015f\u0131lanmas\u0131n\u0131 sa\u011fl\u0131yoruz.<\/p>","protected":false},"excerpt":{"rendered":"<p><strong>Marka XTT<\/strong><\/p>\n<p><strong>\u00dcr\u00fcn men\u015fei \u00c7\u0130N<\/strong><\/p>\n<p><strong>Teslimat s\u00fcresi15 g\u00fcn i\u00e7inde<\/strong><\/p>\n<p><strong>Tedarik kapasitesi9999<\/strong><\/p>\n<p>So\u011futucu bile\u015fenimiz, verimli \u0131s\u0131 da\u011f\u0131l\u0131m\u0131 i\u00e7in tasarlanm\u0131\u015ft\u0131r ve a\u011f\u0131r y\u00fckler alt\u0131nda bilgisayarlar\u0131n istikrarl\u0131 performans g\u00f6stermesini sa\u011flar. Y\u00fcksek kaliteli so\u011futma malzemelerini \u00e7e\u015fitli CPU ve GPU tipleri i\u00e7in uygun bir fan ile birle\u015ftirir.<\/p>","protected":false},"featured_media":587,"template":"","meta":[],"product_brand":[],"product_cat":[198],"product_tag":[209,203,218,217,201],"class_list":{"0":"post-426","1":"product","2":"type-product","3":"status-publish","4":"has-post-thumbnail","6":"product_cat-cpu-cooler","7":"product_tag-cooler-master-cpu-heatsink","8":"product_tag-cpu-cooler-white","9":"product_tag-cpu-cooling-fan-cooler-master","10":"product_tag-low-profile-cpu-cooler","11":"product_tag-water-cooling-for-cpu","13":"first","14":"instock","15":"shipping-taxable","16":"product-type-simple"},"_links":{"self":[{"href":"https:\/\/sz-xtt.com\/tr\/wp-json\/wp\/v2\/product\/426","targetHints":{"allow":["GET"]}}],"collection":[{"href":"https:\/\/sz-xtt.com\/tr\/wp-json\/wp\/v2\/product"}],"about":[{"href":"https:\/\/sz-xtt.com\/tr\/wp-json\/wp\/v2\/types\/product"}],"wp:featuredmedia":[{"embeddable":true,"href":"https:\/\/sz-xtt.com\/tr\/wp-json\/wp\/v2\/media\/587"}],"wp:attachment":[{"href":"https:\/\/sz-xtt.com\/tr\/wp-json\/wp\/v2\/media?parent=426"}],"wp:term":[{"taxonomy":"product_brand","embeddable":true,"href":"https:\/\/sz-xtt.com\/tr\/wp-json\/wp\/v2\/product_brand?post=426"},{"taxonomy":"product_cat","embeddable":true,"href":"https:\/\/sz-xtt.com\/tr\/wp-json\/wp\/v2\/product_cat?post=426"},{"taxonomy":"product_tag","embeddable":true,"href":"https:\/\/sz-xtt.com\/tr\/wp-json\/wp\/v2\/product_tag?post=426"}],"curies":[{"name":"wp","href":"https:\/\/api.w.org\/{rel}","templated":true}]}}